{"id":104,"date":"2022-05-21T23:02:42","date_gmt":"2022-05-21T23:02:42","guid":{"rendered":"https:\/\/aktion23.de\/?page_id=104"},"modified":"2022-07-13T11:53:03","modified_gmt":"2022-07-13T11:53:03","slug":"video2","status":"publish","type":"page","link":"https:\/\/aktion23.de\/","title":{"rendered":"Video2"},"content":{"rendered":"\n<div style=\"height:51px\" aria-hidden=\"true\" class=\"wp-block-spacer\"><\/div>\n\n\n\n<figure class=\"wp-block-video\"><video height=\"720\" style=\"aspect-ratio: 1280 \/ 720;\" width=\"1280\" controls src=\"https:\/\/aktion23.de\/wp-content\/uploads\/2022\/06\/Aktion23-Headerfilm2.mp4\"><\/video><\/figure>\n\n\n\n<div style=\"height:100px\" aria-hidden=\"true\" class=\"wp-block-spacer\"><\/div>\n\n\n\n<p class=\"has-text-align-center\"><strong>Deutschland hatte jahrzehntelang eines der besten Sozial- und Rentensysteme der Welt.<br>Doch die Zeit blieb nicht stehen.<br>Heute ist unser Sozialsystem kaum noch finanzierbar und schafft immer mehr Ungerechtigkeiten.<br>Es ist Zeit, f\u00fcr etwas Neues!<br>Du m\u00f6chtest wissen, was das ist? In Bremen kann es beginnen!<br>Am 14. Mai 2023 ist B\u00fcrgerschaftswahl in Bremen! Schau wieder vorbei! Dann wirst Du erfahren, welcher Idee Du Deine Stimme geben kannst!<\/strong><\/p>\n","protected":false},"excerpt":{"rendered":"<p>Deutschland hatte jahrzehntelang eines der besten Sozial- und Rentensysteme der Welt.Doch die Zeit blieb nicht stehen.Heute ist unser Sozialsystem kaum noch finanzierbar und schafft immer mehr Ungerechtigkeiten.Es ist Zeit, f\u00fcr &hellip;<\/p>\n<p class=\"read-more\"> <a class=\"\" href=\"https:\/\/aktion23.de\/\"> <span class=\"screen-reader-text\">Video2<\/span> Weiterlesen &raquo;<\/a><\/p>\n","protected":false},"author":1,"featured_media":0,"parent":0,"menu_order":0,"comment_status":"closed","ping_status":"closed","template":"","meta":{"site-sidebar-layout":"default","site-content-layout":"default","ast-global-header-display":"disabled","ast-main-header-display":"","ast-hfb-above-header-display":"","ast-hfb-below-header-display":"","ast-hfb-mobile-header-display":"","site-post-title":"disabled","ast-breadcrumbs-content":"","ast-featured-img":"","footer-sml-layout":"","theme-transparent-header-meta":"","adv-header-id-meta":"","stick-header-meta":"","header-above-stick-meta":"","header-main-stick-meta":"","header-below-stick-meta":"","footnotes":""},"class_list":["post-104","page","type-page","status-publish","hentry"],"_links":{"self":[{"href":"https:\/\/aktion23.de\/index.php?rest_route=\/wp\/v2\/pages\/104","targetHints":{"allow":["GET"]}}],"collection":[{"href":"https:\/\/aktion23.de\/index.php?rest_route=\/wp\/v2\/pages"}],"about":[{"href":"https:\/\/aktion23.de\/index.php?rest_route=\/wp\/v2\/types\/page"}],"author":[{"embeddable":true,"href":"https:\/\/aktion23.de\/index.php?rest_route=\/wp\/v2\/users\/1"}],"replies":[{"embeddable":true,"href":"https:\/\/aktion23.de\/index.php?rest_route=%2Fwp%2Fv2%2Fcomments&post=104"}],"version-history":[{"count":5,"href":"https:\/\/aktion23.de\/index.php?rest_route=\/wp\/v2\/pages\/104\/revisions"}],"predecessor-version":[{"id":179,"href":"https:\/\/aktion23.de\/index.php?rest_route=\/wp\/v2\/pages\/104\/revisions\/179"}],"wp:attachment":[{"href":"https:\/\/aktion23.de\/index.php?rest_route=%2Fwp%2Fv2%2Fmedia&parent=104"}],"curies":[{"name":"wp","href":"https:\/\/api.w.org\/{rel}","templated":true}]}}